{"id":17291,"date":"2025-07-23T07:13:24","date_gmt":"2025-07-23T05:13:24","guid":{"rendered":"https:\/\/dbvolta.com\/?post_type=product&#038;p=17291"},"modified":"2025-07-24T12:45:46","modified_gmt":"2025-07-24T10:45:46","slug":"%f0%9f%8e%a7-anker-soundcore-life-p2-bezprzewodowe-sluchawki-douszne-bluetooth-5-2","status":"publish","type":"product","link":"https:\/\/dbvolta.com\/produkt\/%f0%9f%8e%a7-anker-soundcore-life-p2-bezprzewodowe-sluchawki-douszne-bluetooth-5-2\/","title":{"rendered":"\ud83c\udfa7 Anker Soundcore Life P2 \u2013 Bezprzewodowe s\u0142uchawki douszne Bluetooth 5.2"},"content":{"rendered":"<p data-start=\"491\" data-end=\"567\"><span class=\"relative -mx-px my-[-0.2rem] rounded px-px py-[0.2rem] transition-colors duration-100 ease-in-out\">Anker Soundcore Life P2 to bezprzewodowe s\u0142uchawki douszne zaprojektowane z my\u015bl\u0105 o u\u017cytkownikach ceni\u0105cych sobie wysok\u0105 jako\u015b\u0107 d\u017awi\u0119ku i komfort noszenia. Wyposa\u017cone w 10-milimetrowe przetworniki, oferuj\u0105 imponuj\u0105cy d\u017awi\u0119k z g\u0142\u0119bokimi basami i wyra\u017anymi \u015brednimi tonami.<\/span><\/p>\n<p data-start=\"569\" data-end=\"647\"><span class=\"relative -mx-px my-[-0.2rem] rounded px-px py-[0.2rem] transition-colors duration-100 ease-in-out\">Dzi\u0119ki technologii Bluetooth 5.2 zapewniaj\u0105 stabilne po\u0142\u0105czenie z urz\u0105dzeniem, a czas pracy akumulatora wynosi do 8 godzin na jednym \u0142adowaniu, z mo\u017cliwo\u015bci\u0105 wyd\u0142u\u017cenia do 28 godzin przy u\u017cyciu kompaktowego etui \u0142aduj\u0105cego.<\/span><span class=\"\" data-state=\"closed\"><span class=\"ms-1 inline-flex max-w-full items-center relative top-[-0.094rem] animate-[show_150ms_ease-in]\"><a class=\"flex h-4.5 overflow-hidden rounded-xl px-2 text-[9px] font-medium text-token-text-secondary! bg-[#F4F4F4]! dark:bg-[#303030]! transition-colors duration-150 ease-in-out\" href=\"https:\/\/www.ceneo.pl\/94596398?srsltid=AfmBOoq9FeSwY3N1AbqyI8HIjPUNlJtf62Pjjt3pEZtU1ChLiFW8KxC1&amp;utm_source=chatgpt.com\" target=\"_blank\" rel=\"noopener\"><span class=\"relative start-0 bottom-0 flex h-full w-full items-center\"><span class=\"flex h-4 w-full items-center justify-between overflow-hidden\"><span class=\"max-w-full grow truncate overflow-hidden text-center\">Ceneo.pl<\/span><\/span><\/span><\/a><\/span><\/span><\/p>\n<p data-start=\"649\" data-end=\"727\"><span class=\"relative -mx-px my-[-0.2rem] rounded px-px py-[0.2rem] transition-colors duration-100 ease-in-out\">S\u0142uchawki oferuj\u0105 r\u00f3wnie\u017c tryb redukcji szum\u00f3w podczas rozm\u00f3w telefonicznych, co zapewnia wyra\u017aniejsz\u0105 jako\u015b\u0107 g\u0142osu.<\/span><span class=\"\" data-state=\"closed\"><span class=\"ms-1 inline-flex max-w-full items-center relative top-[-0.094rem] animate-[show_150ms_ease-in]\"><a class=\"flex h-4.5 overflow-hidden rounded-xl px-2 text-[9px] font-medium text-token-text-secondary! bg-[#F4F4F4]! dark:bg-[#303030]! transition-colors duration-150 ease-in-out\" href=\"https:\/\/www.ceneo.pl\/94596398?srsltid=AfmBOoq9FeSwY3N1AbqyI8HIjPUNlJtf62Pjjt3pEZtU1ChLiFW8KxC1&amp;utm_source=chatgpt.com\" target=\"_blank\" rel=\"noopener\"><span class=\"relative start-0 bottom-0 flex h-full w-full items-center\"><span class=\"flex h-4 w-full items-center justify-between overflow-hidden\"><span class=\"max-w-full grow truncate overflow-hidden text-center\">Ceneo.pl<\/span><\/span><\/span><\/a><\/span><\/span><\/p>\n<hr data-start=\"729\" data-end=\"732\" \/>\n<h4 data-start=\"734\" data-end=\"770\">\ud83d\udce6 <strong data-start=\"742\" data-end=\"770\">Specyfikacja techniczna:<\/strong><\/h4>\n<ul data-start=\"772\" data-end=\"1180\">\n<li data-start=\"772\" data-end=\"822\">\n<p data-start=\"774\" data-end=\"822\"><strong data-start=\"774\" data-end=\"782\">Typ:<\/strong> <span class=\"relative -mx-px my-[-0.2rem] rounded px-px py-[0.2rem] transition-colors duration-100 ease-in-out\">Bezprzewodowe s\u0142uchawki douszne<\/span><\/p>\n<\/li>\n<li data-start=\"823\" data-end=\"879\">\n<p data-start=\"825\" data-end=\"879\"><strong data-start=\"825\" data-end=\"839\">Bluetooth:<\/strong> <span class=\"relative -mx-px my-[-0.2rem] rounded px-px py-[0.2rem] transition-colors duration-100 ease-in-out\">Wersja 5.2<\/span><\/p>\n<\/li>\n<li data-start=\"880\" data-end=\"948\">\n<p data-start=\"882\" data-end=\"948\"><strong data-start=\"882\" data-end=\"908\">Czas pracy na baterii:<\/strong> <span class=\"relative -mx-px my-[-0.2rem] rounded px-px py-[0.2rem] transition-colors duration-100 ease-in-out\">do 8 godzin na jednym \u0142adowaniu + 28 godzin z etui<\/span><\/p>\n<\/li>\n<li data-start=\"949\" data-end=\"1010\">\n<p data-start=\"951\" data-end=\"1010\"><strong data-start=\"951\" data-end=\"970\">Czas \u0142adowania:<\/strong> <span class=\"relative -mx-px my-[-0.2rem] rounded px-px py-[0.2rem] transition-colors duration-100 ease-in-out\">oko\u0142o 1,5 godziny<\/span><\/p>\n<\/li>\n<li data-start=\"1011\" data-end=\"1036\">\n<p data-start=\"1013\" data-end=\"1036\"><strong data-start=\"1013\" data-end=\"1031\">Wodoodporno\u015b\u0107:<\/strong> IPX5<\/p>\n<\/li>\n<li data-start=\"1037\" data-end=\"1088\">\n<p data-start=\"1039\" data-end=\"1088\"><strong data-start=\"1039\" data-end=\"1048\">Waga:<\/strong> <span class=\"relative -mx-px my-[-0.2rem] rounded px-px py-[0.2rem] transition-colors duration-100 ease-in-out\">4,4 g na s\u0142uchawk\u0119<\/span><\/p>\n<\/li>\n<li data-start=\"1089\" data-end=\"1180\">\n<p data-start=\"1091\" data-end=\"1180\"><strong data-start=\"1091\" data-end=\"1101\">Kolor:<\/strong> <span class=\"relative -mx-px my-[-0.2rem] rounded px-px py-[0.2rem] transition-colors duration-100 ease-in-out\">Czarny<\/span><\/p>\n<\/li>\n<\/ul>\n","protected":false},"excerpt":{"rendered":"<p data-start=\"279\" data-end=\"353\"><span class=\"relative -mx-px my-[-0.2rem] rounded px-px py-[0.2rem] transition-colors duration-100 ease-in-out\">Anker Soundcore Life P2 \u2013 Bezprzewodowe s\u0142uchawki douszne Bluetooth 5.2 z 28-godzinnym czasem pracy i trybem redukcji szum\u00f3w<\/span><\/p>\n","protected":false},"featured_media":17294,"comment_status":"open","ping_status":"closed","template":"","meta":[],"product_brand":[],"product_cat":[72],"product_tag":[],"class_list":{"0":"post-17291","1":"product","2":"type-product","3":"status-publish","4":"has-post-thumbnail","6":"product_cat-sluchawki","8":"first","9":"instock","10":"shipping-taxable","11":"purchasable","12":"product-type-simple"},"_links":{"self":[{"href":"https:\/\/dbvolta.com\/wp-json\/wp\/v2\/product\/17291","targetHints":{"allow":["GET"]}}],"collection":[{"href":"https:\/\/dbvolta.com\/wp-json\/wp\/v2\/product"}],"about":[{"href":"https:\/\/dbvolta.com\/wp-json\/wp\/v2\/types\/product"}],"replies":[{"embeddable":true,"href":"https:\/\/dbvolta.com\/wp-json\/wp\/v2\/comments?post=17291"}],"wp:featuredmedia":[{"embeddable":true,"href":"https:\/\/dbvolta.com\/wp-json\/wp\/v2\/media\/17294"}],"wp:attachment":[{"href":"https:\/\/dbvolta.com\/wp-json\/wp\/v2\/media?parent=17291"}],"wp:term":[{"taxonomy":"product_brand","embeddable":true,"href":"https:\/\/dbvolta.com\/wp-json\/wp\/v2\/product_brand?post=17291"},{"taxonomy":"product_cat","embeddable":true,"href":"https:\/\/dbvolta.com\/wp-json\/wp\/v2\/product_cat?post=17291"},{"taxonomy":"product_tag","embeddable":true,"href":"https:\/\/dbvolta.com\/wp-json\/wp\/v2\/product_tag?post=17291"}],"curies":[{"name":"wp","href":"https:\/\/api.w.org\/{rel}","templated":true}]}}