{"id":17284,"date":"2025-07-23T07:07:04","date_gmt":"2025-07-23T05:07:04","guid":{"rendered":"https:\/\/dbvolta.com\/?post_type=product&#038;p=17284"},"modified":"2025-07-24T12:54:23","modified_gmt":"2025-07-24T10:54:23","slug":"sluchawki-bmw-signature-tws-czarny","status":"publish","type":"product","link":"https:\/\/dbvolta.com\/?product=sluchawki-bmw-signature-tws-czarny","title":{"rendered":"S\u0142uchawki BMW Signature TWS Czarny"},"content":{"rendered":"<p data-start=\"1166\" data-end=\"1555\">S\u0142uchawki Samsung Galaxy Buds+ to wysokiej klasy bezprzewodowe urz\u0105dzenie audio z dwoma g\u0142o\u015bnikami zapewniaj\u0105cymi czysty d\u017awi\u0119k i bas. Bateria pozwala na d\u0142ugie s\u0142uchanie muzyki i rozmowy, a funkcja szybkiego \u0142adowania u\u0142atwia korzystanie z nich w ka\u017cdej chwili. Galaxy Buds+ wsp\u00f3\u0142pracuj\u0105 z asystentami g\u0142osowymi i oferuj\u0105 tryb ambient, kt\u00f3ry pozwala s\u0142ysze\u0107 otoczenie podczas u\u017cytkowania.<\/p>\n<h3 data-start=\"1557\" data-end=\"1576\">Specyfikacja:<\/h3>\n<ul data-start=\"1577\" data-end=\"1720\">\n<li data-start=\"1577\" data-end=\"1594\">\n<p data-start=\"1579\" data-end=\"1594\">Bluetooth 5.0<\/p>\n<\/li>\n<li data-start=\"1595\" data-end=\"1642\">\n<p data-start=\"1597\" data-end=\"1642\">Czas pracy: do 11 godzin + 11 godzin z etui<\/p>\n<\/li>\n<li data-start=\"1643\" data-end=\"1665\">\n<p data-start=\"1645\" data-end=\"1665\">Wodoodporno\u015b\u0107 IPX2<\/p>\n<\/li>\n<li data-start=\"1666\" data-end=\"1701\">\n<p data-start=\"1668\" data-end=\"1701\">\u0141adowanie USB-C i bezprzewodowe<\/p>\n<\/li>\n<li data-start=\"1702\" data-end=\"1720\">\n<p data-start=\"1704\" data-end=\"1720\">\n<\/li>\n<\/ul>\n","protected":false},"excerpt":{"rendered":"<p data-start=\"1048\" data-end=\"1146\">Samsung Galaxy Buds+ oferuj\u0105 doskona\u0142y d\u017awi\u0119k, aktywn\u0105 redukcj\u0119 szum\u00f3w i do 22 godzin odtwarzania.<\/p>\n<h3 data-start=\"1148\" data-end=\"1165\"><\/h3>\n","protected":false},"featured_media":17285,"comment_status":"open","ping_status":"closed","template":"","meta":[],"product_brand":[],"product_cat":[72],"product_tag":[],"class_list":{"0":"post-17284","1":"product","2":"type-product","3":"status-publish","4":"has-post-thumbnail","6":"product_cat-sluchawki","8":"first","9":"instock","10":"shipping-taxable","11":"purchasable","12":"product-type-simple"},"_links":{"self":[{"href":"https:\/\/dbvolta.com\/index.php?rest_route=\/wp\/v2\/product\/17284","targetHints":{"allow":["GET"]}}],"collection":[{"href":"https:\/\/dbvolta.com\/index.php?rest_route=\/wp\/v2\/product"}],"about":[{"href":"https:\/\/dbvolta.com\/index.php?rest_route=\/wp\/v2\/types\/product"}],"replies":[{"embeddable":true,"href":"https:\/\/dbvolta.com\/index.php?rest_route=%2Fwp%2Fv2%2Fcomments&post=17284"}],"wp:featuredmedia":[{"embeddable":true,"href":"https:\/\/dbvolta.com\/index.php?rest_route=\/wp\/v2\/media\/17285"}],"wp:attachment":[{"href":"https:\/\/dbvolta.com\/index.php?rest_route=%2Fwp%2Fv2%2Fmedia&parent=17284"}],"wp:term":[{"taxonomy":"product_brand","embeddable":true,"href":"https:\/\/dbvolta.com\/index.php?rest_route=%2Fwp%2Fv2%2Fproduct_brand&post=17284"},{"taxonomy":"product_cat","embeddable":true,"href":"https:\/\/dbvolta.com\/index.php?rest_route=%2Fwp%2Fv2%2Fproduct_cat&post=17284"},{"taxonomy":"product_tag","embeddable":true,"href":"https:\/\/dbvolta.com\/index.php?rest_route=%2Fwp%2Fv2%2Fproduct_tag&post=17284"}],"curies":[{"name":"wp","href":"https:\/\/api.w.org\/{rel}","templated":true}]}}