{"id":17278,"date":"2025-07-23T06:57:08","date_gmt":"2025-07-23T04:57:08","guid":{"rendered":"https:\/\/dbvolta.com\/?post_type=product&#038;p=17278"},"modified":"2025-07-24T13:22:00","modified_gmt":"2025-07-24T11:22:00","slug":"jbl-draadloze-oortjes-met-anc-tune-flex-ghost-black-jbltflexgblk","status":"publish","type":"product","link":"https:\/\/dbvolta.com\/?product=jbl-draadloze-oortjes-met-anc-tune-flex-ghost-black-jbltflexgblk","title":{"rendered":"JBL Draadloze oortjes met ANC Tune Flex Ghost Black (JBLTFLEXGBLK)"},"content":{"rendered":"<p data-start=\"409\" data-end=\"801\">JBL Tune 125TWS to doskona\u0142y wyb\u00f3r dla mi\u0142o\u015bnik\u00f3w muzyki, kt\u00f3rzy ceni\u0105 sobie wygod\u0119 i jako\u015b\u0107 d\u017awi\u0119ku. Bezprzewodowe s\u0142uchawki z Bluetooth 5.0 zapewniaj\u0105 stabilne po\u0142\u0105czenie i g\u0142\u0119boki bas, a kompaktowe etui pozwala na \u0142adowanie s\u0142uchawek w podr\u00f3\u017cy. Dzi\u0119ki ergonomicznej konstrukcji dobrze dopasowuj\u0105 si\u0119 do uszu, zapewniaj\u0105c komfort przez wiele godzin. S\u0105 kompatybilne z asystentami g\u0142osowymi.<\/p>\n<h3 data-start=\"803\" data-end=\"822\">Specyfikacja:<\/h3>\n<ul data-start=\"823\" data-end=\"956\">\n<li data-start=\"823\" data-end=\"840\">\n<p data-start=\"825\" data-end=\"840\">Bluetooth 5.0<\/p>\n<\/li>\n<li data-start=\"841\" data-end=\"888\">\n<p data-start=\"843\" data-end=\"888\">Czas pracy: do 8 godzin + 24 godziny z etui<\/p>\n<\/li>\n<li data-start=\"889\" data-end=\"917\">\n<p data-start=\"891\" data-end=\"917\">Waga: ok. 10 g\/s\u0142uchawk\u0119<\/p>\n<\/li>\n<li data-start=\"918\" data-end=\"937\">\n<p data-start=\"920\" data-end=\"937\">\u0141adowanie USB-C<\/p>\n<\/li>\n<\/ul>\n","protected":false},"excerpt":{"rendered":"<p data-start=\"265\" data-end=\"389\">S\u0142uchawki JBL Tune 125TWS oferuj\u0105 czysty d\u017awi\u0119k JBL Pure Bass i komfortowe dopasowanie. Do 32 godzin pracy z etui \u0142aduj\u0105cym.<\/p>\n<h3 data-start=\"391\" data-end=\"408\"><\/h3>\n","protected":false},"featured_media":17272,"comment_status":"open","ping_status":"closed","template":"","meta":[],"product_brand":[],"product_cat":[72],"product_tag":[],"class_list":{"0":"post-17278","1":"product","2":"type-product","3":"status-publish","4":"has-post-thumbnail","6":"product_cat-sluchawki","8":"first","9":"instock","10":"shipping-taxable","11":"purchasable","12":"product-type-simple"},"_links":{"self":[{"href":"https:\/\/dbvolta.com\/index.php?rest_route=\/wp\/v2\/product\/17278","targetHints":{"allow":["GET"]}}],"collection":[{"href":"https:\/\/dbvolta.com\/index.php?rest_route=\/wp\/v2\/product"}],"about":[{"href":"https:\/\/dbvolta.com\/index.php?rest_route=\/wp\/v2\/types\/product"}],"replies":[{"embeddable":true,"href":"https:\/\/dbvolta.com\/index.php?rest_route=%2Fwp%2Fv2%2Fcomments&post=17278"}],"wp:featuredmedia":[{"embeddable":true,"href":"https:\/\/dbvolta.com\/index.php?rest_route=\/wp\/v2\/media\/17272"}],"wp:attachment":[{"href":"https:\/\/dbvolta.com\/index.php?rest_route=%2Fwp%2Fv2%2Fmedia&parent=17278"}],"wp:term":[{"taxonomy":"product_brand","embeddable":true,"href":"https:\/\/dbvolta.com\/index.php?rest_route=%2Fwp%2Fv2%2Fproduct_brand&post=17278"},{"taxonomy":"product_cat","embeddable":true,"href":"https:\/\/dbvolta.com\/index.php?rest_route=%2Fwp%2Fv2%2Fproduct_cat&post=17278"},{"taxonomy":"product_tag","embeddable":true,"href":"https:\/\/dbvolta.com\/index.php?rest_route=%2Fwp%2Fv2%2Fproduct_tag&post=17278"}],"curies":[{"name":"wp","href":"https:\/\/api.w.org\/{rel}","templated":true}]}}