{"id":17271,"date":"2025-07-23T06:52:30","date_gmt":"2025-07-23T04:52:30","guid":{"rendered":"https:\/\/dbvolta.com\/?post_type=product&#038;p=17271"},"modified":"2025-07-24T12:55:50","modified_gmt":"2025-07-24T10:55:50","slug":"sony-wf-c510b-ce7-dzwiek-w-twoich-uszach-lekkie-i-stylowe-sluchawki-bluetooth","status":"publish","type":"product","link":"https:\/\/dbvolta.com\/produkt\/sony-wf-c510b-ce7-dzwiek-w-twoich-uszach-lekkie-i-stylowe-sluchawki-bluetooth\/","title":{"rendered":"Sony WF-C510B.CE7 \u2013 D\u017awi\u0119k w Twoich uszach: lekkie i stylowe s\u0142uchawki Bluetooth"},"content":{"rendered":"<p data-start=\"457\" data-end=\"615\"><span class=\"relative -mx-px my-[-0.2rem] rounded px-px py-[0.2rem] transition-colors duration-100 ease-in-out\">Sony WF-C510B.CE7 to lekkie i ergonomiczne s\u0142uchawki Bluetooth, kt\u00f3re zapewniaj\u0105 komfort noszenia przez ca\u0142y dzie\u0144.<\/span> <span class=\"relative -mx-px my-[-0.2rem] rounded px-px py-[0.2rem] transition-colors duration-100 ease-in-out\">Dzi\u0119ki funkcji podw\u00f3jnego po\u0142\u0105czenia Bluetooth mo\u017cesz jednocze\u015bnie po\u0142\u0105czy\u0107 si\u0119 z dwoma urz\u0105dzeniami, co pozwala na p\u0142ynne prze\u0142\u0105czanie mi\u0119dzy nimi.<\/span> <span class=\"relative -mx-px my-[-0.2rem] rounded px-px py-[0.2rem] transition-colors duration-100 ease-in-out\">S\u0142uchawki oferuj\u0105 do 22 godzin odtwarzania muzyki, co czyni je idealnym wyborem na d\u0142ugie podr\u00f3\u017ce czy intensywne dni pracy.<\/span><\/p>\n<p data-start=\"617\" data-end=\"735\"><span class=\"relative -mx-px my-[-0.2rem] rounded px-px py-[0.2rem] transition-colors duration-100 ease-in-out\">Dodatkowo, dzi\u0119ki funkcji Ambient Sound Mode, mo\u017cesz dostosowa\u0107 poziom otaczaj\u0105cego Ci\u0119 d\u017awi\u0119ku, co zwi\u0119ksza bezpiecze\u0144stwo podczas spacer\u00f3w czy jazdy na rowerze.<\/span> <span class=\"relative -mx-px my-[-0.2rem] rounded px-px py-[0.2rem] transition-colors duration-100 ease-in-out\">S\u0142uchawki s\u0105 r\u00f3wnie\u017c odporne na zachlapania dzi\u0119ki klasie wodoodporno\u015bci IPX4.<\/span><span class=\"\" data-state=\"closed\"><span class=\"ms-1 inline-flex max-w-full items-center relative top-[-0.094rem] animate-[show_150ms_ease-in]\"><a class=\"flex h-4.5 overflow-hidden rounded-xl px-2 text-[9px] font-medium text-token-text-secondary! bg-[#F4F4F4]! dark:bg-[#303030]! transition-colors duration-150 ease-in-out\" href=\"https:\/\/centresdirect.co.uk\/p-49482-wf-c510-black-truly-wireless-headphones.aspx?utm_source=chatgpt.com\" target=\"_blank\" rel=\"noopener\"><span class=\"relative start-0 bottom-0 flex h-full w-full items-center\"><span class=\"flex h-4 w-full items-center justify-between overflow-hidden\"><span class=\"max-w-full grow truncate overflow-hidden text-center\">centresdirect.co.uk<\/span><\/span><\/span><\/a><\/span><\/span><\/p>\n<hr data-start=\"737\" data-end=\"740\" \/>\n<h3 data-start=\"742\" data-end=\"777\">\ud83d\udce6 <strong data-start=\"749\" data-end=\"777\">Specyfikacja techniczna:<\/strong><\/h3>\n<ul data-start=\"779\" data-end=\"1352\">\n<li data-start=\"779\" data-end=\"829\">\n<p data-start=\"781\" data-end=\"829\"><strong data-start=\"781\" data-end=\"789\">Typ:<\/strong> <span class=\"relative -mx-px my-[-0.2rem] rounded px-px py-[0.2rem] transition-colors duration-100 ease-in-out\">Bezprzewodowe s\u0142uchawki douszne<\/span><\/p>\n<\/li>\n<li data-start=\"830\" data-end=\"886\">\n<p data-start=\"832\" data-end=\"886\"><strong data-start=\"832\" data-end=\"846\">Bluetooth:<\/strong> <span class=\"relative -mx-px my-[-0.2rem] rounded px-px py-[0.2rem] bg-[#FCECC1] dark:bg-[#64572A] transition-colors duration-100 ease-in-out\">Wersja 5.2<\/span><\/p>\n<\/li>\n<li data-start=\"887\" data-end=\"951\">\n<p data-start=\"889\" data-end=\"951\"><strong data-start=\"889\" data-end=\"911\">Zasi\u0119g transmisji:<\/strong> <span class=\"relative -mx-px my-[-0.2rem] rounded px-px py-[0.2rem] transition-colors duration-100 ease-in-out\">do 10 m<\/span><\/p>\n<\/li>\n<li data-start=\"952\" data-end=\"1020\">\n<p data-start=\"954\" data-end=\"1020\"><strong data-start=\"954\" data-end=\"980\">Czas pracy na baterii:<\/strong> <span class=\"relative -mx-px my-[-0.2rem] rounded px-px py-[0.2rem] transition-colors duration-100 ease-in-out\">do 11 godzin na jednym \u0142adowaniu + 11 godzin z etui \u0142aduj\u0105cym<\/span><\/p>\n<\/li>\n<li data-start=\"1021\" data-end=\"1082\">\n<p data-start=\"1023\" data-end=\"1082\"><strong data-start=\"1023\" data-end=\"1042\">Czas \u0142adowania:<\/strong> <span class=\"relative -mx-px my-[-0.2rem] rounded px-px py-[0.2rem] transition-colors duration-100 ease-in-out\">oko\u0142o 1,5 godziny<\/span><\/p>\n<\/li>\n<li data-start=\"1083\" data-end=\"1143\">\n<p data-start=\"1085\" data-end=\"1143\"><strong data-start=\"1085\" data-end=\"1103\">Wodoodporno\u015b\u0107:<\/strong> <span class=\"relative -mx-px my-[-0.2rem] rounded px-px py-[0.2rem] transition-colors duration-100 ease-in-out\">IPX4 (odporne na zachlapania)<\/span><\/p>\n<\/li>\n<li data-start=\"1144\" data-end=\"1208\">\n<p data-start=\"1146\" data-end=\"1208\"><strong data-start=\"1146\" data-end=\"1168\">Funkcje dodatkowe:<\/strong> <span class=\"relative -mx-px my-[-0.2rem] rounded px-px py-[0.2rem] transition-colors duration-100 ease-in-out\">Multipoint Connection, Ambient Sound Mode<\/span><\/p>\n<\/li>\n<li data-start=\"1209\" data-end=\"1260\">\n<p data-start=\"1211\" data-end=\"1260\"><strong data-start=\"1211\" data-end=\"1220\">Waga:<\/strong> <span class=\"relative -mx-px my-[-0.2rem] rounded px-px py-[0.2rem] transition-colors duration-100 ease-in-out\">4,6 g na s\u0142uchawk\u0119<\/span><\/p>\n<\/li>\n<li data-start=\"1261\" data-end=\"1352\">\n<p data-start=\"1263\" data-end=\"1352\"><strong data-start=\"1263\" data-end=\"1273\">Kolor:<\/strong> <span class=\"relative -mx-px my-[-0.2rem] rounded px-px py-[0.2rem] transition-colors duration-100 ease-in-out\">Czarny<\/span><\/p>\n<\/li>\n<\/ul>\n","protected":false},"excerpt":{"rendered":"<p data-start=\"276\" data-end=\"426\"><span class=\"relative -mx-px my-[-0.2rem] rounded px-px py-[0.2rem] transition-colors duration-100 ease-in-out\">S\u0142uchawki Sony WF-C510B.CE7 \u0142\u0105cz\u0105 lekko\u015b\u0107, komfort i wysok\u0105 jako\u015b\u0107 d\u017awi\u0119ku.<\/span> <span class=\"relative -mx-px my-[-0.2rem] rounded px-px py-[0.2rem] transition-colors duration-100 ease-in-out\">Idealne do codziennego u\u017cytku, oferuj\u0105 do 22 godzin odtwarzania muzyki oraz funkcj\u0119 podw\u00f3jnego po\u0142\u0105czenia Bluetooth.<\/span> <span class=\"relative -mx-px my-[-0.2rem] rounded px-px py-[0.2rem] transition-colors duration-100 ease-in-out\">Dost\u0119pne w eleganckim czarnym kolorze.<\/span><\/p>\n","protected":false},"featured_media":17272,"comment_status":"open","ping_status":"closed","template":"","meta":[],"product_brand":[],"product_cat":[72],"product_tag":[],"class_list":{"0":"post-17271","1":"product","2":"type-product","3":"status-publish","4":"has-post-thumbnail","6":"product_cat-sluchawki","8":"first","9":"instock","10":"shipping-taxable","11":"purchasable","12":"product-type-simple"},"_links":{"self":[{"href":"https:\/\/dbvolta.com\/wp-json\/wp\/v2\/product\/17271","targetHints":{"allow":["GET"]}}],"collection":[{"href":"https:\/\/dbvolta.com\/wp-json\/wp\/v2\/product"}],"about":[{"href":"https:\/\/dbvolta.com\/wp-json\/wp\/v2\/types\/product"}],"replies":[{"embeddable":true,"href":"https:\/\/dbvolta.com\/wp-json\/wp\/v2\/comments?post=17271"}],"wp:featuredmedia":[{"embeddable":true,"href":"https:\/\/dbvolta.com\/wp-json\/wp\/v2\/media\/17272"}],"wp:attachment":[{"href":"https:\/\/dbvolta.com\/wp-json\/wp\/v2\/media?parent=17271"}],"wp:term":[{"taxonomy":"product_brand","embeddable":true,"href":"https:\/\/dbvolta.com\/wp-json\/wp\/v2\/product_brand?post=17271"},{"taxonomy":"product_cat","embeddable":true,"href":"https:\/\/dbvolta.com\/wp-json\/wp\/v2\/product_cat?post=17271"},{"taxonomy":"product_tag","embeddable":true,"href":"https:\/\/dbvolta.com\/wp-json\/wp\/v2\/product_tag?post=17271"}],"curies":[{"name":"wp","href":"https:\/\/api.w.org\/{rel}","templated":true}]}}