{"id":17226,"date":"2025-07-23T05:47:31","date_gmt":"2025-07-23T03:47:31","guid":{"rendered":"https:\/\/dbvolta.com\/?post_type=product&#038;p=17226"},"modified":"2025-07-24T13:22:35","modified_gmt":"2025-07-24T11:22:35","slug":"huoto-mini-ladowarka-magnetyczna-do-apple-watch-inteligentny-brelok-usb","status":"publish","type":"product","link":"https:\/\/dbvolta.com\/?product=huoto-mini-ladowarka-magnetyczna-do-apple-watch-inteligentny-brelok-usb","title":{"rendered":"HUOTO Mini \u0141adowarka Magnetyczna do Apple Watch \u2013 Inteligentny Brelok USB"},"content":{"rendered":"<p data-start=\"688\" data-end=\"900\">Mini \u0142adowarka HUOTO zosta\u0142a zaprojektowana z my\u015bl\u0105 o maksymalnej wygodzie. Dzi\u0119ki magnetycznemu z\u0142\u0105czu i wbudowanemu chipowi inteligentnemu zapewnia bezpieczne, szybkie i stabilne \u0142adowanie Twojego Apple Watcha.<\/p>\n<h4 data-start=\"902\" data-end=\"936\">\ud83e\uddf2 <strong data-start=\"910\" data-end=\"936\">Magnetyczne po\u0142\u0105czenie<\/strong><\/h4>\n<p data-start=\"937\" data-end=\"1109\">Silny magnes automatycznie przyci\u0105ga zegarek i utrzymuje go w odpowiedniej pozycji podczas \u0142adowania. Wystarczy przy\u0142o\u017cy\u0107 zegarek, a \u0142adowanie rozpocznie si\u0119 automatycznie.<\/p>\n<h4 data-start=\"1111\" data-end=\"1138\">\ud83d\udd11 <strong data-start=\"1119\" data-end=\"1138\">Por\u0119czny brelok<\/strong><\/h4>\n<p data-start=\"1139\" data-end=\"1272\">Dzi\u0119ki kompaktowej konstrukcji i funkcji breloka mo\u017cesz nosi\u0107 \u0142adowark\u0119 zawsze przy sobie \u2013 przypnij j\u0105 do kluczy, torby lub plecaka.<\/p>\n<h4 data-start=\"1274\" data-end=\"1315\">\u26a1 <strong data-start=\"1281\" data-end=\"1315\">Szybkie i bezpieczne \u0142adowanie<\/strong><\/h4>\n<ul data-start=\"1316\" data-end=\"1495\">\n<li data-start=\"1316\" data-end=\"1401\">\n<p data-start=\"1318\" data-end=\"1401\">Port USB-A do bezpo\u015bredniego pod\u0142\u0105czenia (komputery, powerbanki, \u0142adowarki \u015bcienne)<\/p>\n<\/li>\n<li data-start=\"1402\" data-end=\"1448\">\n<p data-start=\"1404\" data-end=\"1448\">Inteligentna kontrola temperatury i napi\u0119cia<\/p>\n<\/li>\n<li data-start=\"1449\" data-end=\"1495\">\n<p data-start=\"1451\" data-end=\"1495\">Brak konieczno\u015bci u\u017cywania dodatkowego kabla<\/p>\n<\/li>\n<\/ul>\n<h4 data-start=\"1497\" data-end=\"1523\">\u2705 <strong data-start=\"1504\" data-end=\"1523\">Kompatybilno\u015b\u0107:<\/strong><\/h4>\n<p data-start=\"1524\" data-end=\"1564\">Pasuje do wszystkich modeli Apple Watch:<\/p>\n<ul data-start=\"1565\" data-end=\"1619\">\n<li data-start=\"1565\" data-end=\"1619\">\n<p data-start=\"1567\" data-end=\"1619\">By\u0142oby 1 \/ 2 \/ 3 \/ 4 \/ 5 \/ 6 \/ 7 \/ SE \/ 8 \/ 9 \/ Ultra<\/p>\n<\/li>\n<\/ul>\n<hr data-start=\"1621\" data-end=\"1624\" \/>\n<h3 data-start=\"1626\" data-end=\"1652\">\ud83d\udce6 <strong data-start=\"1633\" data-end=\"1652\">Zestaw zawiera:<\/strong><\/h3>\n<ul data-start=\"1653\" data-end=\"1717\">\n<li data-start=\"1653\" data-end=\"1696\">\n<p data-start=\"1655\" data-end=\"1696\">1x HUOTO magnetyczna \u0142adowarka brelok USB<\/p>\n<\/li>\n<li data-start=\"1697\" data-end=\"1717\">\n<p data-start=\"1699\" data-end=\"1717\">Instrukcja obs\u0142ugi<\/p>\n<\/li>\n<\/ul>\n","protected":false},"excerpt":{"rendered":"<p>Ultrakompaktowa \u0142adowarka magnetyczna do Apple Watch w formie stylowego breloka. Idealna do podr\u00f3\u017cy \u2013 wystarczy pod\u0142\u0105czy\u0107 do portu USB, aby szybko i bezpiecznie na\u0142adowa\u0107 zegarek. Kompatybilna z wi\u0119kszo\u015bci\u0105 modeli Apple Watch.<\/p>\n","protected":false},"featured_media":17227,"comment_status":"open","ping_status":"closed","template":"","meta":[],"product_brand":[],"product_cat":[73,71],"product_tag":[],"class_list":{"0":"post-17226","1":"product","2":"type-product","3":"status-publish","4":"has-post-thumbnail","6":"product_cat-ladowarka-przenosna","7":"product_cat-przenosny-akumulator","9":"first","10":"instock","11":"shipping-taxable","12":"purchasable","13":"product-type-simple"},"_links":{"self":[{"href":"https:\/\/dbvolta.com\/index.php?rest_route=\/wp\/v2\/product\/17226","targetHints":{"allow":["GET"]}}],"collection":[{"href":"https:\/\/dbvolta.com\/index.php?rest_route=\/wp\/v2\/product"}],"about":[{"href":"https:\/\/dbvolta.com\/index.php?rest_route=\/wp\/v2\/types\/product"}],"replies":[{"embeddable":true,"href":"https:\/\/dbvolta.com\/index.php?rest_route=%2Fwp%2Fv2%2Fcomments&post=17226"}],"wp:featuredmedia":[{"embeddable":true,"href":"https:\/\/dbvolta.com\/index.php?rest_route=\/wp\/v2\/media\/17227"}],"wp:attachment":[{"href":"https:\/\/dbvolta.com\/index.php?rest_route=%2Fwp%2Fv2%2Fmedia&parent=17226"}],"wp:term":[{"taxonomy":"product_brand","embeddable":true,"href":"https:\/\/dbvolta.com\/index.php?rest_route=%2Fwp%2Fv2%2Fproduct_brand&post=17226"},{"taxonomy":"product_cat","embeddable":true,"href":"https:\/\/dbvolta.com\/index.php?rest_route=%2Fwp%2Fv2%2Fproduct_cat&post=17226"},{"taxonomy":"product_tag","embeddable":true,"href":"https:\/\/dbvolta.com\/index.php?rest_route=%2Fwp%2Fv2%2Fproduct_tag&post=17226"}],"curies":[{"name":"wp","href":"https:\/\/api.w.org\/{rel}","templated":true}]}}