{"id":9,"date":"2025-07-23T02:58:01","date_gmt":"2025-07-23T00:58:01","guid":{"rendered":"https:\/\/dbvolta.com\/?page_id=9"},"modified":"2025-07-23T05:55:54","modified_gmt":"2025-07-23T03:55:54","slug":"cart","status":"publish","type":"page","link":"https:\/\/dbvolta.com\/?page_id=9","title":{"rendered":"Cart"},"content":{"rendered":"\n<div data-block-name=\"woocommerce\/cart\" class=\"wp-block-woocommerce-cart alignwide is-loading\">\n<div data-block-name=\"woocommerce\/filled-cart-block\" class=\"wp-block-woocommerce-filled-cart-block\">\n<div data-block-name=\"woocommerce\/cart-items-block\" class=\"wp-block-woocommerce-cart-items-block\">\n<div data-block-name=\"woocommerce\/cart-line-items-block\" class=\"wp-block-woocommerce-cart-line-items-block\"><\/div>\n\n\n\n<div data-block-name=\"woocommerce\/cart-cross-sells-block\" class=\"wp-block-woocommerce-cart-cross-sells-block\">\n<h2 class=\"wp-block-heading has-large-font-size\">You may be interested in\u2026<\/h2>\n\n\n\n<div data-block-name=\"woocommerce\/cart-cross-sells-products-block\" class=\"wp-block-woocommerce-cart-cross-sells-products-block\"><\/div>\n<\/div>\n<\/div>\n\n\n\n<div data-block-name=\"woocommerce\/cart-totals-block\" class=\"wp-block-woocommerce-cart-totals-block\">\n<div data-block-name=\"woocommerce\/cart-order-summary-block\" class=\"wp-block-woocommerce-cart-order-summary-block\">\n<div data-block-name=\"woocommerce\/cart-order-summary-heading-block\" class=\"wp-block-woocommerce-cart-order-summary-heading-block\"><\/div><div data-block-name=\"woocommerce\/cart-order-summary-coupon-form-block\" class=\"wp-block-woocommerce-cart-order-summary-coupon-form-block\"><\/div><div data-block-name=\"woocommerce\/cart-order-summary-totals-block\" class=\"wp-block-woocommerce-cart-order-summary-totals-block\">\n<div data-block-name=\"woocommerce\/cart-order-summary-subtotal-block\" class=\"wp-block-woocommerce-cart-order-summary-subtotal-block\"><\/div>\n<div data-block-name=\"woocommerce\/cart-order-summary-discount-block\" class=\"wp-block-woocommerce-cart-order-summary-discount-block\"><\/div>\n<div data-block-name=\"woocommerce\/cart-order-summary-fee-block\" class=\"wp-block-woocommerce-cart-order-summary-fee-block\"><\/div>\n<div data-block-name=\"woocommerce\/cart-order-summary-shipping-block\" class=\"wp-block-woocommerce-cart-order-summary-shipping-block\"><\/div>\n<div data-block-name=\"woocommerce\/cart-order-summary-taxes-block\" class=\"wp-block-woocommerce-cart-order-summary-taxes-block\"><\/div><\/div>\n<\/div>\n\n\n\n<div data-block-name=\"woocommerce\/cart-express-payment-block\" class=\"wp-block-woocommerce-cart-express-payment-block\"><\/div>\n\n\n\n<div data-block-name=\"woocommerce\/proceed-to-checkout-block\" class=\"wp-block-woocommerce-proceed-to-checkout-block\"><\/div>\n\n\n\n<div data-block-name=\"woocommerce\/cart-accepted-payment-methods-block\" class=\"wp-block-woocommerce-cart-accepted-payment-methods-block\"><\/div>\n<\/div>\n<\/div>\n\n\n\n<div data-block-name=\"woocommerce\/empty-cart-block\" class=\"wp-block-woocommerce-empty-cart-block\">\n<h2 class=\"wp-block-heading has-text-align-center with-empty-cart-icon wc-block-cart__empty-cart__title\">Your cart is currently empty!<\/h2>\n\n\n\n<hr class=\"wp-block-separator has-alpha-channel-opacity is-style-dots\"\/>\n\n\n\n<h2 class=\"wp-block-heading has-text-align-center\">New in store<\/h2>\n\n\n<div data-block-name=\"woocommerce\/product-new\" data-columns=\"4\" data-rows=\"1\" class=\"wc-block-grid wp-block-product-new wp-block-woocommerce-product-new wc-block-product-new has-4-columns\"><ul class=\"wc-block-grid__products\"><li class=\"wc-block-grid__product\">\n\t\t\t\t<a href=\"https:\/\/dbvolta.com\/?product=%f0%9f%8e%a7-anker-soundcore-life-p2-bezprzewodowe-sluchawki-douszne-bluetooth-5-2\" class=\"wc-block-grid__product-link\">\n\t\t\t\t\t\n\t\t\t\t\t<div class=\"wc-block-grid__product-image\"><img fetchpriority=\"high\" decoding=\"async\" width=\"350\" height=\"435\" src=\"https:\/\/dbvolta.com\/wp-content\/uploads\/2025\/07\/1200x995-350x435.jpg\" class=\"attachment-woocommerce_thumbnail size-woocommerce_thumbnail\" alt=\"\ud83c\udfa7 Anker Soundcore Life P2 \u2013 Bezprzewodowe s\u0142uchawki douszne Bluetooth 5.2\" \/><\/div>\n\t\t\t\t\t<div class=\"wc-block-grid__product-title\">\ud83c\udfa7 Anker Soundcore Life P2 \u2013 Bezprzewodowe s\u0142uchawki douszne Bluetooth 5.2<\/div>\n\t\t\t\t<\/a>\n\t\t\t\t<div class=\"wc-block-grid__product-price price\"><span class=\"woocommerce-Price-amount amount\"><span class=\"woocommerce-Price-currencySymbol\">&#122;&#322;<\/span>&nbsp;99,90<\/span><\/div>\n\t\t\t\t\n\t\t\t\t<div class=\"wp-block-button wc-block-grid__product-add-to-cart\"><a href=\"?add-to-cart=17291\" aria-label=\"Dodaj do koszyka: &bdquo;\ud83c\udfa7 Anker Soundcore Life P2 \u2013 Bezprzewodowe s\u0142uchawki douszne Bluetooth 5.2&rdquo;\" data-quantity=\"1\" data-product_id=\"17291\" data-product_sku=\"\" data-price=\"99.9\" rel=\"nofollow\" class=\"wp-block-button__link  add_to_cart_button ajax_add_to_cart\">Dodaj do koszyka<\/a><\/div>\n\t\t\t<\/li><li class=\"wc-block-grid__product\">\n\t\t\t\t<a href=\"https:\/\/dbvolta.com\/?product=sluchawki-bmw-signature-tws-czarny\" class=\"wc-block-grid__product-link\">\n\t\t\t\t\t\n\t\t\t\t\t<div class=\"wc-block-grid__product-image\"><img decoding=\"async\" width=\"350\" height=\"435\" src=\"https:\/\/dbvolta.com\/wp-content\/uploads\/2025\/07\/S__uchawki_BMW_Signature_TWS___stacja_dokuj__ca_Czarny__1_-350x435.jpg\" class=\"attachment-woocommerce_thumbnail size-woocommerce_thumbnail\" alt=\"S\u0142uchawki BMW Signature TWS Czarny\" \/><\/div>\n\t\t\t\t\t<div class=\"wc-block-grid__product-title\">S\u0142uchawki BMW Signature TWS Czarny<\/div>\n\t\t\t\t<\/a>\n\t\t\t\t<div class=\"wc-block-grid__product-price price\"><span class=\"woocommerce-Price-amount amount\"><span class=\"woocommerce-Price-currencySymbol\">&#122;&#322;<\/span>&nbsp;102,90<\/span><\/div>\n\t\t\t\t\n\t\t\t\t<div class=\"wp-block-button wc-block-grid__product-add-to-cart\"><a href=\"?add-to-cart=17284\" aria-label=\"Dodaj do koszyka: &bdquo;S\u0142uchawki BMW Signature TWS Czarny&rdquo;\" data-quantity=\"1\" data-product_id=\"17284\" data-product_sku=\"\" data-price=\"102.9\" rel=\"nofollow\" class=\"wp-block-button__link  add_to_cart_button ajax_add_to_cart\">Dodaj do koszyka<\/a><\/div>\n\t\t\t<\/li><li class=\"wc-block-grid__product\">\n\t\t\t\t<a href=\"https:\/\/dbvolta.com\/?product=jbl-draadloze-oortjes-met-anc-tune-flex-ghost-black-jbltflexgblk\" class=\"wc-block-grid__product-link\">\n\t\t\t\t\t\n\t\t\t\t\t<div class=\"wc-block-grid__product-image\"><img decoding=\"async\" width=\"350\" height=\"435\" src=\"https:\/\/dbvolta.com\/wp-content\/uploads\/2025\/07\/ASSET_MMS_144191494-350x435.webp\" class=\"attachment-woocommerce_thumbnail size-woocommerce_thumbnail\" alt=\"JBL Draadloze oortjes met ANC Tune Flex Ghost Black (JBLTFLEXGBLK)\" \/><\/div>\n\t\t\t\t\t<div class=\"wc-block-grid__product-title\">JBL Draadloze oortjes met ANC Tune Flex Ghost Black (JBLTFLEXGBLK)<\/div>\n\t\t\t\t<\/a>\n\t\t\t\t<div class=\"wc-block-grid__product-price price\"><span class=\"woocommerce-Price-amount amount\"><span class=\"woocommerce-Price-currencySymbol\">&#122;&#322;<\/span>&nbsp;79,90<\/span><\/div>\n\t\t\t\t\n\t\t\t\t<div class=\"wp-block-button wc-block-grid__product-add-to-cart\"><a href=\"?add-to-cart=17278\" aria-label=\"Dodaj do koszyka: &bdquo;JBL Draadloze oortjes met ANC Tune Flex Ghost Black (JBLTFLEXGBLK)&rdquo;\" data-quantity=\"1\" data-product_id=\"17278\" data-product_sku=\"\" data-price=\"79.9\" rel=\"nofollow\" class=\"wp-block-button__link  add_to_cart_button ajax_add_to_cart\">Dodaj do koszyka<\/a><\/div>\n\t\t\t<\/li><li class=\"wc-block-grid__product\">\n\t\t\t\t<a href=\"https:\/\/dbvolta.com\/?product=sony-wf-c510b-ce7-dzwiek-w-twoich-uszach-lekkie-i-stylowe-sluchawki-bluetooth\" class=\"wc-block-grid__product-link\">\n\t\t\t\t\t\n\t\t\t\t\t<div class=\"wc-block-grid__product-image\"><img loading=\"lazy\" decoding=\"async\" width=\"350\" height=\"435\" src=\"https:\/\/dbvolta.com\/wp-content\/uploads\/2025\/07\/ASSET_MMS_144191494-350x435.webp\" class=\"attachment-woocommerce_thumbnail size-woocommerce_thumbnail\" alt=\"Sony WF-C510B.CE7 \u2013 D\u017awi\u0119k w Twoich uszach: lekkie i stylowe s\u0142uchawki Bluetooth\" \/><\/div>\n\t\t\t\t\t<div class=\"wc-block-grid__product-title\">Sony WF-C510B.CE7 \u2013 D\u017awi\u0119k w Twoich uszach: lekkie i stylowe s\u0142uchawki Bluetooth<\/div>\n\t\t\t\t<\/a>\n\t\t\t\t<div class=\"wc-block-grid__product-price price\"><span class=\"woocommerce-Price-amount amount\"><span class=\"woocommerce-Price-currencySymbol\">&#122;&#322;<\/span>&nbsp;89,90<\/span><\/div>\n\t\t\t\t\n\t\t\t\t<div class=\"wp-block-button wc-block-grid__product-add-to-cart\"><a href=\"?add-to-cart=17271\" aria-label=\"Dodaj do koszyka: &bdquo;Sony WF-C510B.CE7 \u2013 D\u017awi\u0119k w Twoich uszach: lekkie i stylowe s\u0142uchawki Bluetooth&rdquo;\" data-quantity=\"1\" data-product_id=\"17271\" data-product_sku=\"\" data-price=\"89.9\" rel=\"nofollow\" class=\"wp-block-button__link  add_to_cart_button ajax_add_to_cart\">Dodaj do koszyka<\/a><\/div>\n\t\t\t<\/li><\/ul><\/div><\/div>\n<\/div>\n","protected":false},"excerpt":{"rendered":"You may be interested in\u2026 Your cart is currently empty! New in store","protected":false},"author":1,"featured_media":0,"parent":0,"menu_order":0,"comment_status":"closed","ping_status":"closed","template":"","meta":{"footnotes":""},"class_list":["post-9","page","type-page","status-publish","hentry"],"_links":{"self":[{"href":"https:\/\/dbvolta.com\/index.php?rest_route=\/wp\/v2\/pages\/9","targetHints":{"allow":["GET"]}}],"collection":[{"href":"https:\/\/dbvolta.com\/index.php?rest_route=\/wp\/v2\/pages"}],"about":[{"href":"https:\/\/dbvolta.com\/index.php?rest_route=\/wp\/v2\/types\/page"}],"author":[{"embeddable":true,"href":"https:\/\/dbvolta.com\/index.php?rest_route=\/wp\/v2\/users\/1"}],"replies":[{"embeddable":true,"href":"https:\/\/dbvolta.com\/index.php?rest_route=%2Fwp%2Fv2%2Fcomments&post=9"}],"version-history":[{"count":1,"href":"https:\/\/dbvolta.com\/index.php?rest_route=\/wp\/v2\/pages\/9\/revisions"}],"predecessor-version":[{"id":17021,"href":"https:\/\/dbvolta.com\/index.php?rest_route=\/wp\/v2\/pages\/9\/revisions\/17021"}],"wp:attachment":[{"href":"https:\/\/dbvolta.com\/index.php?rest_route=%2Fwp%2Fv2%2Fmedia&parent=9"}],"curies":[{"name":"wp","href":"https:\/\/api.w.org\/{rel}","templated":true}]}}