{"id":17503,"date":"2025-07-24T16:07:25","date_gmt":"2025-07-24T14:07:25","guid":{"rendered":"https:\/\/dbvolta.com\/?page_id=17503"},"modified":"2025-07-24T16:07:26","modified_gmt":"2025-07-24T14:07:26","slug":"%f0%9f%91%a5-o-nas","status":"publish","type":"page","link":"https:\/\/dbvolta.com\/?page_id=17503","title":{"rendered":"<div style=\"text-align: center;\">   <h1 style=\"color: #ff612d;\">\ud83d\udc65 O Nas<\/h1> <\/div>"},"content":{"rendered":"<div class=\"dbvolta-about\" style=\"max-width: 800px; margin: 0 auto; padding: 20px; text-align: center;\">\n<div class=\"about-section\" style=\"margin-bottom: 30px;\">\n<h2 style=\"color: #ff612d;\">\ud83d\udd0c O Dbvolta.com \u2013 Zasilaj swoje urz\u0105dzenia zawsze i wsz\u0119dzie, oraz najlepsze s\u0142uchawki<\/h2>\n<p>Witamy w Dbvolta.com, Twoim zaufanym partnerze w zakresie wysokiej jako\u015bci powerbank\u00f3w w niesamowitych cenach, a tak\u017ce najlepszych s\u0142uchawek! \u26a1 Jako globalny dostawca, zobowi\u0105zujemy si\u0119 dostarcza\u0107 wydajne rozwi\u0105zania, aby Twoje urz\u0105dzenia by\u0142y zawsze na\u0142adowane i gotowe do u\u017cycia \u2013 gdziekolwiek jeste\u015b. Oferujemy r\u00f3wnie\u017c najnowocze\u015bniejsze s\u0142uchawki premium.<\/p>\n<\/p><\/div>\n<div class=\"about-section\" style=\"margin-bottom: 30px; background-color: #f9f9f9; padding: 20px; border-radius: 8px;\">\n<h2 style=\"color: #ff612d;\">Kim jeste\u015bmy?<\/h2>\n<p>Dbvolta.com to specjalistyczny dostawca premium powerbank\u00f3w od najlepszych marek, takich jak HUOTO, MagSafe, MARBERO, UGREEN, JBL, Anker. Dzi\u0119ki wieloletniemu do\u015bwiadczeniu i pasji do innowacji nawi\u0105zali\u015bmy silne relacje z wiod\u0105cymi producentami, aby zapewni\u0107 Ci najlepsze produkty na rynku. \ud83d\udcaa<\/p>\n<\/p><\/div>\n<div class=\"about-section\" style=\"margin-bottom: 30px;\">\n<h2 style=\"color: #ff612d;\">Co oferujemy?<\/h2>\n<p>Zapewniamy atrakcyjne ceny hurtowe, gwarantuj\u0105c naszym klientom \u2013 zar\u00f3wno detalicznym, firmom, jak i osobom prywatnym \u2013 najlepsze mo\u017cliwe oferty. Dzi\u0119ki naszemu magazynowi w Polsce, zapewniamy szybk\u0105 i efektywn\u0105 dostaw\u0119. \ud83d\udce6 \u2728<\/p>\n<\/p><\/div>\n<div class=\"about-section\" style=\"margin-bottom: 30px; background-color: #f9f9f9; padding: 20px; border-radius: 8px;\">\n<h2 style=\"color: #ff612d;\">Nasza misja<\/h2>\n<p>W Dbvolta.com nasza misja jest prosta: zasila\u0107 Twoj\u0105 codzienno\u015b\u0107, oferuj\u0105c niezawodne i wydajne powerbanki, aby\u015b m\u00f3g\u0142 pozosta\u0107 w kontakcie w dynamicznym \u015bwiecie. A tak\u017ce dostarcza\u0107 najlepsze s\u0142uchawki wysokiej klasy.<\/p>\n<div style=\"text-align: left; display: inline-block;\">\n<p style=\"margin-bottom: 5px;\">\u2714 Produkt\u00f3w premium od najbardziej renomowanych marek.<\/p>\n<p>\u2714 Wyj\u0105tkowej obs\u0142ugi klienta, zawsze gotowej Ci pom\u00f3c.<\/p>\n<\/p><\/div><\/div>\n<div class=\"about-section\" style=\"margin-bottom: 30px;\">\n<h2 style=\"color: #ff612d;\">Dlaczego warto wybra\u0107 Dbvolta.com?<\/h2>\n<div style=\"display: inline-block; text-align: left;\">\n<p style=\"margin-bottom: 5px;\">\ud83c\udf0d Magazyn w Polsce \u2013 Super szybka wysy\u0142ka.<\/p>\n<p style=\"margin-bottom: 5px;\">\ud83d\udca1 Ekspertyza w powerbankach premium od zaufanych marek.<\/p>\n<p style=\"margin-bottom: 5px;\">\ud83d\udcb8 Ceny hurtowe \u2013 Niesamowite okazje.<\/p>\n<p>\ud83d\udd12 Bezpieczne p\u0142atno\u015bci przez Stripe i inne niezawodne metody.<\/p>\n<\/p><\/div><\/div>\n<div class=\"about-section\" style=\"margin-bottom: 30px; background-color: #f9f9f9; padding: 20px; border-radius: 8px;\">\n<h2 style=\"color: #ff612d;\">Do\u0142\u0105cz do rodziny Dbvolta.com!<\/h2>\n<p>Niezale\u017cnie od tego, czy potrzebujesz przeno\u015bnego powerbanku, czy rozwi\u0105za\u0144 hurtowych dla swojej firmy \u2013 Dbvolta.com jest tutaj dla Ciebie. Kupuj z pe\u0142nym zaufaniem, maj\u0105c gwarancj\u0119 szybkiej, bezpiecznej dostawy bez ukrytych koszt\u00f3w.<\/p>\n<p style=\"font-weight: bold; margin-top: 15px;\">Pozosta\u0144my na\u0142adowani razem! \u26a1<\/p>\n<\/p><\/div>\n<\/div>\n<style>\n.dbvolta-about h2 {\n    margin-top: 0;\n    margin-bottom: 15px;\n}\n.dbvolta-about p {\n    margin-bottom: 15px;\n    line-height: 1.6;\n}\n.about-section {\n    margin-bottom: 25px;\n}\n<\/style>\n","protected":false},"excerpt":{"rendered":"<p>\ud83d\udd0c O Dbvolta.com \u2013 Zasilaj swoje urz\u0105dzenia zawsze i wsz\u0119dzie, oraz najlepsze s\u0142uchawki Witamy w Dbvolta.com, Twoim zaufanym partnerze w zakresie wysokiej jako\u015bci powerbank\u00f3w w niesamowitych cenach, a tak\u017ce najlepszych s\u0142uchawek! \u26a1 Jako globalny dostawca, zobowi\u0105zujemy si\u0119 dostarcza\u0107 wydajne rozwi\u0105zania, aby Twoje urz\u0105dzenia by\u0142y zawsze na\u0142adowane i gotowe do u\u017cycia \u2013 gdziekolwiek jeste\u015b. Oferujemy r\u00f3wnie\u017c [&hellip;]<\/p>\n","protected":false},"author":1,"featured_media":0,"parent":0,"menu_order":0,"comment_status":"closed","ping_status":"closed","template":"","meta":{"footnotes":""},"class_list":["post-17503","page","type-page","status-publish","hentry"],"_links":{"self":[{"href":"https:\/\/dbvolta.com\/index.php?rest_route=\/wp\/v2\/pages\/17503","targetHints":{"allow":["GET"]}}],"collection":[{"href":"https:\/\/dbvolta.com\/index.php?rest_route=\/wp\/v2\/pages"}],"about":[{"href":"https:\/\/dbvolta.com\/index.php?rest_route=\/wp\/v2\/types\/page"}],"author":[{"embeddable":true,"href":"https:\/\/dbvolta.com\/index.php?rest_route=\/wp\/v2\/users\/1"}],"replies":[{"embeddable":true,"href":"https:\/\/dbvolta.com\/index.php?rest_route=%2Fwp%2Fv2%2Fcomments&post=17503"}],"version-history":[{"count":1,"href":"https:\/\/dbvolta.com\/index.php?rest_route=\/wp\/v2\/pages\/17503\/revisions"}],"predecessor-version":[{"id":17504,"href":"https:\/\/dbvolta.com\/index.php?rest_route=\/wp\/v2\/pages\/17503\/revisions\/17504"}],"wp:attachment":[{"href":"https:\/\/dbvolta.com\/index.php?rest_route=%2Fwp%2Fv2%2Fmedia&parent=17503"}],"curies":[{"name":"wp","href":"https:\/\/api.w.org\/{rel}","templated":true}]}}