{"id":17497,"date":"2025-07-24T16:00:34","date_gmt":"2025-07-24T14:00:34","guid":{"rendered":"https:\/\/dbvolta.com\/?page_id=17497"},"modified":"2025-07-24T16:00:49","modified_gmt":"2025-07-24T14:00:49","slug":"%f0%9f%93%a9-kontakt","status":"publish","type":"page","link":"https:\/\/dbvolta.com\/?page_id=17497","title":{"rendered":"<div style=\"text-align: center;\">   <h1 style=\"color: #ff612d;\">\ud83d\udce9 Kontakt<\/h1> <\/div>"},"content":{"rendered":"<div class=\"dbvolta-contact\" style=\"max-width: 800px; margin: 0 auto; padding: 20px; text-align: center;\">\n<div class=\"contact-section\" style=\"margin-bottom: 30px;\">\n<h2 style=\"color: #ff612d;\">Skontaktuj si\u0119 z nami \ud83e\udd1d<\/h2>\n<p>Jeste\u015bmy tutaj, aby pom\u00f3c! Je\u015bli masz jakiekolwiek pytania, uwagi lub zapytania dotycz\u0105ce naszych produkt\u00f3w i us\u0142ug, \u015bmia\u0142o si\u0119 z nami skontaktuj. Nasz dedykowany zesp\u00f3\u0142 jest gotowy, aby Ci pom\u00f3c.<\/p>\n<\/p><\/div>\n<div class=\"contact-section\" style=\"margin-bottom: 30px; background-color: #f9f9f9; padding: 20px; border-radius: 8px;\">\n<h2 style=\"color: #ff612d;\">Dane kontaktowe \ud83d\udce7 \ud83d\udcde<\/h2>\n<p style=\"font-size: 1.1em; margin-bottom: 5px;\">\ud83d\udce7 <strong>E-mail:<\/strong> <a href=\"mailto:info@dbvolta.com\" style=\"color: #ff612d; text-decoration: none;\">info@dbvolta.com<\/a><\/p>\n<p style=\"font-size: 1.1em;\">\ud83d\udcde <strong>Telefon:<\/strong> +48 573 581 194<\/p>\n<\/p><\/div>\n<div class=\"contact-section\" style=\"margin-bottom: 30px; background-color: #f9f9f9; padding: 20px; border-radius: 8px;\">\n<h2 style=\"color: #ff612d;\">Godziny pracy \ud83d\udd59<\/h2>\n<p style=\"font-size: 1.1em;\">Nasz zesp\u00f3\u0142 wsparcia jest dost\u0119pny w nast\u0119puj\u0105cych godzinach:<br \/>\n        <strong>Poniedzia\u0142ek \u2013 Pi\u0105tek:<\/strong> 10:00 \u2013 18:00<\/p>\n<\/p><\/div>\n<div class=\"contact-section\" style=\"margin-bottom: 30px; background-color: #f9f9f9; padding: 20px; border-radius: 8px;\">\n<h2 style=\"color: #ff612d;\">Odwied\u017a nas \ud83c\udf0d<\/h2>\n<p style=\"font-size: 1.1em;\">Mo\u017cesz nas odwiedzi\u0107 w Estonii \ud83c\uddea\ud83c\uddea lub w Polsce \ud83c\uddf5\ud83c\uddf1!<\/p>\n<\/p><\/div>\n<\/div>\n<style>\n.dbvolta-contact h2 {\n    margin-top: 0;\n    margin-bottom: 15px;\n}\n.dbvolta-contact p {\n    margin-bottom: 0;\n    line-height: 1.6;\n}\n.dbvolta-contact a {\n    color: #ff612d;\n    text-decoration: none;\n    font-weight: bold;\n}\n.dbvolta-contact a:hover {\n    text-decoration: underline;\n}\n.contact-section {\n    margin-bottom: 25px;\n}\n<\/style>\n","protected":false},"excerpt":{"rendered":"<p>Skontaktuj si\u0119 z nami \ud83e\udd1d Jeste\u015bmy tutaj, aby pom\u00f3c! Je\u015bli masz jakiekolwiek pytania, uwagi lub zapytania dotycz\u0105ce naszych produkt\u00f3w i us\u0142ug, \u015bmia\u0142o si\u0119 z nami skontaktuj. Nasz dedykowany zesp\u00f3\u0142 jest gotowy, aby Ci pom\u00f3c. Dane kontaktowe \ud83d\udce7 \ud83d\udcde \ud83d\udce7 E-mail: info@dbvolta.com \ud83d\udcde Telefon: +48 573 581 194 Godziny pracy \ud83d\udd59 Nasz zesp\u00f3\u0142 wsparcia jest dost\u0119pny [&hellip;]<\/p>\n","protected":false},"author":1,"featured_media":0,"parent":0,"menu_order":0,"comment_status":"closed","ping_status":"closed","template":"","meta":{"footnotes":""},"class_list":["post-17497","page","type-page","status-publish","hentry"],"_links":{"self":[{"href":"https:\/\/dbvolta.com\/index.php?rest_route=\/wp\/v2\/pages\/17497","targetHints":{"allow":["GET"]}}],"collection":[{"href":"https:\/\/dbvolta.com\/index.php?rest_route=\/wp\/v2\/pages"}],"about":[{"href":"https:\/\/dbvolta.com\/index.php?rest_route=\/wp\/v2\/types\/page"}],"author":[{"embeddable":true,"href":"https:\/\/dbvolta.com\/index.php?rest_route=\/wp\/v2\/users\/1"}],"replies":[{"embeddable":true,"href":"https:\/\/dbvolta.com\/index.php?rest_route=%2Fwp%2Fv2%2Fcomments&post=17497"}],"version-history":[{"count":2,"href":"https:\/\/dbvolta.com\/index.php?rest_route=\/wp\/v2\/pages\/17497\/revisions"}],"predecessor-version":[{"id":17499,"href":"https:\/\/dbvolta.com\/index.php?rest_route=\/wp\/v2\/pages\/17497\/revisions\/17499"}],"wp:attachment":[{"href":"https:\/\/dbvolta.com\/index.php?rest_route=%2Fwp%2Fv2%2Fmedia&parent=17497"}],"curies":[{"name":"wp","href":"https:\/\/api.w.org\/{rel}","templated":true}]}}